{"id":3065,"date":"2023-04-06T15:24:07","date_gmt":"2023-04-06T14:24:07","guid":{"rendered":"https:\/\/www.brickopolis.pt\/terminos-y-condiciones\/"},"modified":"2025-07-08T11:35:43","modified_gmt":"2025-07-08T10:35:43","slug":"terminos-y-condiciones","status":"publish","type":"page","link":"https:\/\/www.brickopolis.pt\/es\/terminos-y-condiciones\/","title":{"rendered":"T\u00e9rminos y Condiciones"},"content":{"rendered":"\t\t<div data-elementor-type=\"wp-page\" data-elementor-id=\"3065\" class=\"elementor elementor-3065 elementor-1382\" data-elementor-post-type=\"page\">\n\t\t\t\t\t\t<section class=\"elementor-section elementor-top-section elementor-element elementor-element-e08defc elementor-section-full_width elementor-section-height-min-height elementor-section-content-middle elementor-section-height-default elementor-section-items-middle\" data-id=\"e08defc\" data-element_type=\"section\" data-e-type=\"section\" data-settings=\"{&quot;background_background&quot;:&quot;classic&quot;}\">\n\t\t\t\t\t\t<div class=\"elementor-container elementor-column-gap-default\">\n\t\t\t\t\t<div class=\"elementor-column elementor-col-100 elementor-top-column elementor-element elementor-element-85328a7\" data-id=\"85328a7\" data-element_type=\"column\" data-e-type=\"column\">\n\t\t\t<div class=\"elementor-widget-wrap elementor-element-populated\">\n\t\t\t\t\t\t<section class=\"elementor-section elementor-inner-section elementor-element elementor-element-b0dbc5a elementor-section-boxed elementor-section-height-default elementor-section-height-default\" data-id=\"b0dbc5a\" data-element_type=\"section\" data-e-type=\"section\">\n\t\t\t\t\t\t<div class=\"elementor-container elementor-column-gap-default\">\n\t\t\t\t\t<div class=\"elementor-column elementor-col-100 elementor-inner-column elementor-element elementor-element-7898ce9\" data-id=\"7898ce9\" data-element_type=\"column\" data-e-type=\"column\">\n\t\t\t<div class=\"elementor-widget-wrap elementor-element-populated\">\n\t\t\t\t\t\t<div class=\"elementor-element elementor-element-e8c27c4 elementor-widget elementor-widget-heading\" data-id=\"e8c27c4\" data-element_type=\"widget\" data-e-type=\"widget\" data-widget_type=\"heading.default\">\n\t\t\t\t<div class=\"elementor-widget-container\">\n\t\t\t\t\t<h1 class=\"elementor-heading-title elementor-size-default\">T\u00e9rminos y condiciones de venta de <span class=\"yellow\">entradas en l\u00ednea <\/span><\/h1>\t\t\t\t<\/div>\n\t\t\t\t<\/div>\n\t\t\t\t\t<\/div>\n\t\t<\/div>\n\t\t\t\t\t<\/div>\n\t\t<\/section>\n\t\t\t\t\t<\/div>\n\t\t<\/div>\n\t\t\t\t\t<\/div>\n\t\t<\/section>\n\t\t\t\t<section class=\"elementor-section elementor-top-section elementor-element elementor-element-d6143de elementor-section-boxed elementor-section-height-default elementor-section-height-default\" data-id=\"d6143de\" data-element_type=\"section\" data-e-type=\"section\">\n\t\t\t\t\t\t<div class=\"elementor-container elementor-column-gap-default\">\n\t\t\t\t\t<div class=\"elementor-column elementor-col-100 elementor-top-column elementor-element elementor-element-a441617\" data-id=\"a441617\" data-element_type=\"column\" data-e-type=\"column\">\n\t\t\t<div class=\"elementor-widget-wrap elementor-element-populated\">\n\t\t\t\t\t\t<div class=\"elementor-element elementor-element-a5b0f71 elementor-widget elementor-widget-text-editor\" data-id=\"a5b0f71\" data-element_type=\"widget\" data-e-type=\"widget\" data-widget_type=\"text-editor.default\">\n\t\t\t\t<div class=\"elementor-widget-container\">\n\t\t\t\t\t\t\t\t\t<p>El presente documento establece la informaci\u00f3n precontractual relativa a los contratos celebrados a distancia en la p\u00e1gina web www.brickopolis.pt y https:\/\/www.bilheteiraonline.brickopolis.pt\/, a la que se refiere el art\u00edculo 4 del Decreto-Ley n.\u00ba 24\/2014, de 14 de febrero, y de todos los subdominios\/subsitios web.<\/p><p>Los T\u00e9rminos y Condiciones Generales aqu\u00ed presentados se aplican a todas las ofertas contenidas en este sitio web, tambi\u00e9n denominado \u00absitio\u00bb o \u00absitio web\u00bb, emitidas por PDL \u2013 Parque dos Dinossauros da Lourinh\u00e3 Unipessoal Limitada, propiedad de PDL \u2013 Parque dos Dinossauros da Lourinh\u00e3 Unipessoal Limitada, en adelante denominado Brickopolis, con sede en Rua Vale dos Dinossauros, n\u00ba 25 Abelheira, c\u00f3digo postal 2530-059 Lourinh\u00e3, Portugal, con el NIPC: 510 019 285, que es tambi\u00e9n su n\u00famero de registro en la Conservatoria del Registro Mercantil de Lisboa, con un capital social de 500 000 \u20ac.<\/p><p>Estos T\u00e9rminos y Condiciones Generales se aplican igualmente a todos los acuerdos y relaciones celebrados entre Brickopolis y cualquier Cliente que realice pedidos a trav\u00e9s de este sitio web.<\/p><p>Parte superior del formulario<\/p><p><strong>1. Objeto y \u00e1mbito de aplicaci\u00f3n<\/strong><\/p><p>Los presentes T\u00e9rminos y Condiciones tienen por objeto definir las condiciones de venta de entradas entre Brickopolis y el usuario, a trav\u00e9s de la Tienda Online<\/p><p>La navegaci\u00f3n en este sitio web, as\u00ed como la compra electr\u00f3nica de cualquier entrada, implica la aceptaci\u00f3n de los presentes T\u00e9rminos y Condiciones de la Tienda Online<\/p><p>Brickopolis se reserva el derecho de modificar los presentes T\u00e9rminos y Condiciones sin previo aviso, y cualquier modificaci\u00f3n se publicar\u00e1 en el sitio web.<\/p><p>Las entradas vendidas en esta p\u00e1gina est\u00e1n reservadas a particulares.<\/p><p><strong>2. Informaci\u00f3n sobre contenidos<\/strong><\/p><p>Queda prohibida la reproducci\u00f3n, transferencia, distribuci\u00f3n o almacenamiento de los contenidos de esta p\u00e1gina sin la autorizaci\u00f3n previa por escrito de Brickopolis para fines que no sean estrictamente personales.<\/p><p>Brickopolis se reserva el derecho de modificar en cualquier momento la informaci\u00f3n y la oferta comercial presentada sobre: productos, precios, promociones, condiciones comerciales y servicios.<\/p><p>Queda expresamente prohibida la introducci\u00f3n de enlaces a este sitio web, independientemente de la finalidad perseguida, sin la autorizaci\u00f3n previa de Brickopolis. El uso del dominio brickopolis.pt y\/o de la p\u00e1gina bilheteiraonline.brickopolis.pt con fines abusivos y sin autorizaci\u00f3n previa podr\u00e1 ser objeto de recurso ante los medios legales competentes. En caso de encontrar en otros sitios web enlaces que le permitan acceder a bilheteiraonline.brickopolis.pt, le informamos de que Brickopolis no se hace responsable ni del origen de la p\u00e1gina ni de los contenidos que en ella se incluyen.<\/p><p>Se han realizado todos los esfuerzos posibles para que la informaci\u00f3n aqu\u00ed presentada est\u00e9 libre de errores tipogr\u00e1ficos y, en caso de que se produzcan, Brickopolis proceder\u00e1 a su correcci\u00f3n lo antes posible.<\/p><p>Toda la informaci\u00f3n contractual est\u00e1 redactada en portugu\u00e9s, al igual que la informaci\u00f3n de los art\u00edculos, las comunicaciones por correo electr\u00f3nico y la formalizaci\u00f3n de la venta.<\/p><p><strong>3. Obligaciones de los clientes y usuarios<\/strong><\/p><p>El cliente y el usuario se comprometen a cumplir y respetar las presentes Condiciones de uso del servicio de venta de entradas en l\u00ednea, en particular:<\/p><p>1) Abstenerse de introducir, almacenar o difundir a trav\u00e9s del sitio web contenidos difamatorios, obscenos, injuriosos, xen\u00f3fobos y\/o de cualquier otra \u00edndole que violen los principios generales del derecho y el orden p\u00fablico;<\/p><p>2) Guardar y no divulgar su contrase\u00f1a de acceso al sitio web para impedir que terceros accedan a su cuenta;<\/p><p>3) No utilizar identidades falsas;<\/p><p>4) Facilitar los datos personales y las direcciones correctas para que Brickopolis pueda procesar adecuadamente la venta de las entradas.<\/p><p>Por lo tanto, se proh\u00edbe expresamente a los usuarios transmitir mensajes o informaci\u00f3n injuriosa, enga\u00f1osa, difamatoria, obscena o que viole, de cualquier forma, el derecho a la intimidad o a la propiedad intelectual o industrial de terceros, as\u00ed como la divulgaci\u00f3n de cualquier informaci\u00f3n que pueda ser perjudicial para terceros o para el propietario del sitio web.<\/p><p>Brickopolis se reserva el derecho de eliminar la cuenta del usuario que incurra en alguna de estas situaciones.<\/p><p>El Cliente es responsable de la veracidad de los datos comunicados y se compromete a introducir inmediatamente en su Cuenta de Registro cualquier cambio en los mismos.<\/p><p>Brickopolis declina cualquier responsabilidad por cualquier retraso o imposibilidad en el procesamiento de la venta de entradas, debido a un error o insuficiencia de los datos comunicados por el Cliente.<\/p><p><strong>4. Disponibilidad de entradas y venta de entradas online<\/strong><\/p><p>La selecci\u00f3n de entradas se realiza en tiempo real. En consecuencia, el servidor de Brickopolis informa al Cliente en tiempo real sobre la disponibilidad de las entradas en el momento de procesar la venta.<\/p><p>La finalizaci\u00f3n del proceso de compra implica que el Cliente ha le\u00eddo y acepta expresamente las presentes Condiciones de uso del servicio de venta de entradas en l\u00ednea. Los datos registrados por Brickopolis constituyen la prueba del conjunto de transacciones realizadas entre Brickopolis y el Cliente.<\/p><p>Una vez finalizada la compra, se enviar\u00e1 un correo electr\u00f3nico autom\u00e1tico para confirmar la transacci\u00f3n. La venta de entradas solo se considerar\u00e1 definitivamente concluida y vinculante para Brickopolis a partir del env\u00edo de dicho correo electr\u00f3nico autom\u00e1tico de confirmaci\u00f3n de la transacci\u00f3n.<\/p><p><strong>5. Precio de las entradas<\/strong><\/p><p>Los precios de las entradas se indican en euros y no incluyen comisiones ni gastos de env\u00edo.<\/p><p>El precio de las entradas lo fija Brickopolis e incluye el IVA al tipo legal vigente en ese momento.<\/p><p>Todos los pedidos, independientemente de su origen, deber\u00e1n pagarse en euros.<\/p><p><strong>6. Formas de pago<\/strong><\/p><p>Le recordamos que la validaci\u00f3n de la venta de entradas implica la obligaci\u00f3n de pago del precio por parte del Cliente.<\/p><p>Al comprar entradas en el sitio web, el Cliente podr\u00e1 utilizar los siguientes medios de pago:<\/p><p>\u2013 Tarjeta de cr\u00e9dito Visa.<\/p><p>\u2013 Tarjeta de cr\u00e9dito MasterCard.<\/p><p>\u2013 Referencia para pago en cajero autom\u00e1tico.<\/p><p>\u2013 Mbway.<\/p><p>Para todos los pagos realizados con tarjeta de cr\u00e9dito, el cargo se realizar\u00e1 en el momento de la validaci\u00f3n final de la venta de la entrada.<\/p><p><strong>7. Entrega de las entradas<\/strong><\/p><p>Las condiciones de entrega de las entradas son espec\u00edficas e independientes de las condiciones de entrega de otros productos vendidos en el sitio web.<\/p><p>El Cliente recibir\u00e1 sus entradas electr\u00f3nicas (documento PDF enviado a su correo electr\u00f3nico) tras la validaci\u00f3n del pago y sin costes adicionales.<\/p><p>El cliente deber\u00e1 imprimir la entrada electr\u00f3nica enviada previamente por Brickopolis por correo electr\u00f3nico. Como alternativa, podr\u00e1 mostrar las entradas en cualquier dispositivo inform\u00e1tico, como un smartphone o una tableta.<\/p><p>No se emiten duplicados de las entradas, ni siquiera en caso de p\u00e9rdida, hurto o robo.<\/p><p>Seguridad: las entradas electr\u00f3nicas impresas tienen un c\u00f3digo de barras \u00fanico. La validez de las entradas se controla y registra a la entrada mediante un lector de c\u00f3digos de barras. No es posible que un cliente acceda al recinto m\u00e1s de una vez con la misma entrada. Est\u00e1 prohibida la reproducci\u00f3n de entradas. Solo se permitir\u00e1 el acceso al recinto a la primera persona que presente la entrada, asumi\u00e9ndose que es el titular leg\u00edtimo de la misma. Conserve su entrada en un lugar seguro.<\/p><p>Brickopolis puede denegar la entrada al recinto cuando est\u00e9n en circulaci\u00f3n varias impresiones, reproducciones, copias o imitaciones de un billete electr\u00f3nico impreso y se haya facilitado previamente el acceso al recinto al portador de una impresi\u00f3n, reproducci\u00f3n, copia o imitaci\u00f3n del billete. Brickopolis no est\u00e1 obligada a verificar la identidad de la persona que presenta la entrada para comprobar que se trata efectivamente del comprador de la misma, ni a verificar la autenticidad de dicha entrada. El portador de una entrada electr\u00f3nica impresa que no sea admitido en el recinto por cualquiera de los motivos anteriormente mencionados no tendr\u00e1 derecho a reembolso.<\/p><p>El Cliente deber\u00e1 tomar todas las medidas de precauci\u00f3n necesarias para mantener la confidencialidad de su contrase\u00f1a y para impedir cualquier uso por parte de personas no autorizadas o cualquier infracci\u00f3n.<\/p><p>Brickopolis declina toda responsabilidad por las anomal\u00edas que puedan surgir durante el proceso de venta o impresi\u00f3n de los billetes electr\u00f3nicos adquiridos, as\u00ed como en caso de p\u00e9rdida, robo o hurto, o incluso uso il\u00edcito del billete adquirido. No se entregar\u00e1 al cliente ning\u00fan duplicado o certificado, ni se reemitir\u00e1 el billete, de ning\u00fan tipo, adem\u00e1s del billete enviado por correo electr\u00f3nico para que el cliente lo imprima.<\/p><p><strong>8. Validez de los billetes<\/strong><\/p><p>Los billetes adquiridos tienen fecha de validez hasta el 31 de diciembre del a\u00f1o natural de la compra. Se pueden utilizar cualquier d\u00eda entre la fecha de compra y la fecha de validez.<\/p><p>A excepci\u00f3n de los billetes comprados en diciembre, cuya fecha de validez se extiende hasta el 31 de diciembre del a\u00f1o natural siguiente a la compra.<\/p><p>La fecha de validez figurar\u00e1 en los billetes online enviados por correo electr\u00f3nico.<\/p><p><strong>9. Cambios y devoluciones<\/strong><\/p><p>No se admiten cambios ni devoluciones de las entradas adquiridas, de conformidad con lo dispuesto en el Decreto-Ley n.\u00ba 24\/2014, art\u00edculo 17, apartado 1, letra k).<\/p><p>Brickopolis no se hace responsable de las condiciones meteorol\u00f3gicas adversas ni del cierre del parque en casos de fuerza mayor. Seg\u00fan los t\u00e9rminos legales aplicables, se consideran casos de fuerza mayor aquellos que resultan de acontecimientos imprevisibles cuyos efectos se producen independientemente de la voluntad del promotor, en particular incendios, inundaciones, ciclones, terremotos, otras causas naturales que impidan directamente la apertura del parque, situaciones de salud p\u00fablica u otras situaciones excepcionales.<\/p><p>La compra de entradas implica el conocimiento y el cumplimiento de las normas de uso del parque.<\/p><p><strong>10. Otros derechos y responsabilidades<\/strong><\/p><p>Cada cliente registrado elegir\u00e1 un nombre de usuario (correo electr\u00f3nico) que es \u00fanico, personal e intransferible. La contrase\u00f1a es elegida por el cliente en el momento del registro y debe mantenerse en secreto.<\/p><p>Todos los datos y contenidos del sitio web, incluidos los signos distintivos del comercio, son propiedad exclusiva de Brickopolis o de terceros y, como tales, est\u00e1n protegidos por la ley.<\/p><p>Todos los productos presentados en el sitio web se describen con la mayor precisi\u00f3n posible. No obstante, los usuarios deben leer atentamente las descripciones de los mismos y, en caso de duda, ponerse en contacto con Brickopolis a trav\u00e9s de geral@brickopolis.pt.<\/p><p>Brickopolis no se hace responsable de los da\u00f1os y perjuicios derivados del uso de Internet, incluyendo, por ejemplo, como consecuencia de la interrupci\u00f3n o deficiencia del servicio y del acceso, de la intrusi\u00f3n externa o de la presencia de virus inform\u00e1ticos, o de cualquier caso de fuerza mayor.<\/p><p>Los boletines informativos enviados por correo electr\u00f3nico tienen por objeto difundir promociones e informaci\u00f3n general de Brickopolis. El Cliente podr\u00e1 recibir el bolet\u00edn informativo desde el momento en que se suscriba.<\/p><p>\u00a0<\/p><p><strong>11. Legislaci\u00f3n aplicable<\/strong><\/p><p>Las presentes Condiciones de uso del servicio de venta de entradas en l\u00ednea est\u00e1n sujetas a la legislaci\u00f3n portuguesa. Cualquier conflicto o divergencia en la interpretaci\u00f3n de las presentes condiciones se someter\u00e1 al tribunal portugu\u00e9s competente.<\/p><p>En caso de que el Cliente se encuentre fuera de Portugal continental, Brickopolis informa desde ya que cualquier proceso judicial deber\u00e1 dirigirse a los tribunales portugueses.<\/p><p>Lourinh\u00e3, 8 de julio de 2025.<\/p><p><em>Texto traducido mediante software de traducci\u00f3n. En caso de diferencias o dudas, prevalecer\u00e1 la versi\u00f3n portuguesa.<\/em><\/p>\t\t\t\t\t\t\t\t<\/div>\n\t\t\t\t<\/div>\n\t\t\t\t\t<\/div>\n\t\t<\/div>\n\t\t\t\t\t<\/div>\n\t\t<\/section>\n\t\t\t\t<\/div>\n\t\t","protected":false},"excerpt":{"rendered":"<p>T\u00e9rminos y condiciones de venta de entradas en l\u00ednea El presente documento establece la informaci\u00f3n precontractual relativa a los contratos celebrados a distancia en la p\u00e1gina web www.brickopolis.pt y https:\/\/www.bilheteiraonline.brickopolis.pt\/, a la que se refiere el art\u00edculo 4 del Decreto-Ley n.\u00ba 24\/2014, de 14 de febrero, y de todos los subdominios\/subsitios web. Los T\u00e9rminos y [&hellip;]<\/p>\n","protected":false},"author":1,"featured_media":0,"parent":0,"menu_order":0,"comment_status":"closed","ping_status":"closed","template":"","meta":{"footnotes":""},"class_list":["post-3065","page","type-page","status-publish","hentry"],"yoast_head":"<!-- This site is optimized with the Yoast SEO plugin v27.3 - https:\/\/yoast.com\/product\/yoast-seo-wordpress\/ -->\n<title>T\u00e9rminos y Condiciones - Brickopolis<\/title>\n<meta name=\"robots\" content=\"index, follow, max-snippet:-1, max-image-preview:large, max-video-preview:-1\" \/>\n<link rel=\"canonical\" href=\"https:\/\/www.brickopolis.pt\/es\/terminos-y-condiciones\/\" \/>\n<meta property=\"og:locale\" content=\"es_ES\" \/>\n<meta property=\"og:type\" content=\"article\" \/>\n<meta property=\"og:title\" content=\"T\u00e9rminos y Condiciones - Brickopolis\" \/>\n<meta property=\"og:description\" content=\"T\u00e9rminos y condiciones de venta de entradas en l\u00ednea El presente documento establece la informaci\u00f3n precontractual relativa a los contratos celebrados a distancia en la p\u00e1gina web www.brickopolis.pt y https:\/\/www.bilheteiraonline.brickopolis.pt\/, a la que se refiere el art\u00edculo 4 del Decreto-Ley n.\u00ba 24\/2014, de 14 de febrero, y de todos los subdominios\/subsitios web. Los T\u00e9rminos y [&hellip;]\" \/>\n<meta property=\"og:url\" content=\"https:\/\/www.brickopolis.pt\/es\/terminos-y-condiciones\/\" \/>\n<meta property=\"og:site_name\" content=\"Brickopolis\" \/>\n<meta property=\"article:publisher\" content=\"https:\/\/www.facebook.com\/profile.php?id=61556232922660&amp;sk=about\" \/>\n<meta property=\"article:modified_time\" content=\"2025-07-08T10:35:43+00:00\" \/>\n<meta name=\"twitter:card\" content=\"summary_large_image\" \/>\n<meta name=\"twitter:label1\" content=\"Tiempo de lectura\" \/>\n\t<meta name=\"twitter:data1\" content=\"9 minutos\" \/>\n<script type=\"application\/ld+json\" class=\"yoast-schema-graph\">{\"@context\":\"https:\\\/\\\/schema.org\",\"@graph\":[{\"@type\":\"WebPage\",\"@id\":\"https:\\\/\\\/www.brickopolis.pt\\\/es\\\/terminos-y-condiciones\\\/\",\"url\":\"https:\\\/\\\/www.brickopolis.pt\\\/es\\\/terminos-y-condiciones\\\/\",\"name\":\"T\u00e9rminos y Condiciones - Brickopolis\",\"isPartOf\":{\"@id\":\"https:\\\/\\\/www.brickopolis.pt\\\/es\\\/#website\"},\"datePublished\":\"2023-04-06T14:24:07+00:00\",\"dateModified\":\"2025-07-08T10:35:43+00:00\",\"breadcrumb\":{\"@id\":\"https:\\\/\\\/www.brickopolis.pt\\\/es\\\/terminos-y-condiciones\\\/#breadcrumb\"},\"inLanguage\":\"es\",\"potentialAction\":[{\"@type\":\"ReadAction\",\"target\":[\"https:\\\/\\\/www.brickopolis.pt\\\/es\\\/terminos-y-condiciones\\\/\"]}]},{\"@type\":\"BreadcrumbList\",\"@id\":\"https:\\\/\\\/www.brickopolis.pt\\\/es\\\/terminos-y-condiciones\\\/#breadcrumb\",\"itemListElement\":[{\"@type\":\"ListItem\",\"position\":1,\"name\":\"In\u00edcio\",\"item\":\"https:\\\/\\\/www.brickopolis.pt\\\/es\\\/\"},{\"@type\":\"ListItem\",\"position\":2,\"name\":\"T\u00e9rminos y Condiciones\"}]},{\"@type\":\"WebSite\",\"@id\":\"https:\\\/\\\/www.brickopolis.pt\\\/es\\\/#website\",\"url\":\"https:\\\/\\\/www.brickopolis.pt\\\/es\\\/\",\"name\":\"Brickopolis\",\"description\":\"A cidade onde a magia dos blocos de constru\u00e7\u00e3o ganha vida!\",\"publisher\":{\"@id\":\"https:\\\/\\\/www.brickopolis.pt\\\/es\\\/#organization\"},\"potentialAction\":[{\"@type\":\"SearchAction\",\"target\":{\"@type\":\"EntryPoint\",\"urlTemplate\":\"https:\\\/\\\/www.brickopolis.pt\\\/es\\\/?s={search_term_string}\"},\"query-input\":{\"@type\":\"PropertyValueSpecification\",\"valueRequired\":true,\"valueName\":\"search_term_string\"}}],\"inLanguage\":\"es\"},{\"@type\":\"Organization\",\"@id\":\"https:\\\/\\\/www.brickopolis.pt\\\/es\\\/#organization\",\"name\":\"Brickopolis\",\"url\":\"https:\\\/\\\/www.brickopolis.pt\\\/es\\\/\",\"logo\":{\"@type\":\"ImageObject\",\"inLanguage\":\"es\",\"@id\":\"https:\\\/\\\/www.brickopolis.pt\\\/es\\\/#\\\/schema\\\/logo\\\/image\\\/\",\"url\":\"https:\\\/\\\/www.brickopolis.pt\\\/wp-content\\\/uploads\\\/2024\\\/03\\\/logo-brickopolis.png\",\"contentUrl\":\"https:\\\/\\\/www.brickopolis.pt\\\/wp-content\\\/uploads\\\/2024\\\/03\\\/logo-brickopolis.png\",\"width\":250,\"height\":168,\"caption\":\"Brickopolis\"},\"image\":{\"@id\":\"https:\\\/\\\/www.brickopolis.pt\\\/es\\\/#\\\/schema\\\/logo\\\/image\\\/\"},\"sameAs\":[\"https:\\\/\\\/www.facebook.com\\\/profile.php?id=61556232922660&sk=about\",\"https:\\\/\\\/www.instagram.com\\\/brickopolis_oficial\"]}]}<\/script>\n<!-- \/ Yoast SEO plugin. -->","yoast_head_json":{"title":"T\u00e9rminos y Condiciones - Brickopolis","robots":{"index":"index","follow":"follow","max-snippet":"max-snippet:-1","max-image-preview":"max-image-preview:large","max-video-preview":"max-video-preview:-1"},"canonical":"https:\/\/www.brickopolis.pt\/es\/terminos-y-condiciones\/","og_locale":"es_ES","og_type":"article","og_title":"T\u00e9rminos y Condiciones - Brickopolis","og_description":"T\u00e9rminos y condiciones de venta de entradas en l\u00ednea El presente documento establece la informaci\u00f3n precontractual relativa a los contratos celebrados a distancia en la p\u00e1gina web www.brickopolis.pt y https:\/\/www.bilheteiraonline.brickopolis.pt\/, a la que se refiere el art\u00edculo 4 del Decreto-Ley n.\u00ba 24\/2014, de 14 de febrero, y de todos los subdominios\/subsitios web. Los T\u00e9rminos y [&hellip;]","og_url":"https:\/\/www.brickopolis.pt\/es\/terminos-y-condiciones\/","og_site_name":"Brickopolis","article_publisher":"https:\/\/www.facebook.com\/profile.php?id=61556232922660&sk=about","article_modified_time":"2025-07-08T10:35:43+00:00","twitter_card":"summary_large_image","twitter_misc":{"Tiempo de lectura":"9 minutos"},"schema":{"@context":"https:\/\/schema.org","@graph":[{"@type":"WebPage","@id":"https:\/\/www.brickopolis.pt\/es\/terminos-y-condiciones\/","url":"https:\/\/www.brickopolis.pt\/es\/terminos-y-condiciones\/","name":"T\u00e9rminos y Condiciones - Brickopolis","isPartOf":{"@id":"https:\/\/www.brickopolis.pt\/es\/#website"},"datePublished":"2023-04-06T14:24:07+00:00","dateModified":"2025-07-08T10:35:43+00:00","breadcrumb":{"@id":"https:\/\/www.brickopolis.pt\/es\/terminos-y-condiciones\/#breadcrumb"},"inLanguage":"es","potentialAction":[{"@type":"ReadAction","target":["https:\/\/www.brickopolis.pt\/es\/terminos-y-condiciones\/"]}]},{"@type":"BreadcrumbList","@id":"https:\/\/www.brickopolis.pt\/es\/terminos-y-condiciones\/#breadcrumb","itemListElement":[{"@type":"ListItem","position":1,"name":"In\u00edcio","item":"https:\/\/www.brickopolis.pt\/es\/"},{"@type":"ListItem","position":2,"name":"T\u00e9rminos y Condiciones"}]},{"@type":"WebSite","@id":"https:\/\/www.brickopolis.pt\/es\/#website","url":"https:\/\/www.brickopolis.pt\/es\/","name":"Brickopolis","description":"A cidade onde a magia dos blocos de constru\u00e7\u00e3o ganha vida!","publisher":{"@id":"https:\/\/www.brickopolis.pt\/es\/#organization"},"potentialAction":[{"@type":"SearchAction","target":{"@type":"EntryPoint","urlTemplate":"https:\/\/www.brickopolis.pt\/es\/?s={search_term_string}"},"query-input":{"@type":"PropertyValueSpecification","valueRequired":true,"valueName":"search_term_string"}}],"inLanguage":"es"},{"@type":"Organization","@id":"https:\/\/www.brickopolis.pt\/es\/#organization","name":"Brickopolis","url":"https:\/\/www.brickopolis.pt\/es\/","logo":{"@type":"ImageObject","inLanguage":"es","@id":"https:\/\/www.brickopolis.pt\/es\/#\/schema\/logo\/image\/","url":"https:\/\/www.brickopolis.pt\/wp-content\/uploads\/2024\/03\/logo-brickopolis.png","contentUrl":"https:\/\/www.brickopolis.pt\/wp-content\/uploads\/2024\/03\/logo-brickopolis.png","width":250,"height":168,"caption":"Brickopolis"},"image":{"@id":"https:\/\/www.brickopolis.pt\/es\/#\/schema\/logo\/image\/"},"sameAs":["https:\/\/www.facebook.com\/profile.php?id=61556232922660&sk=about","https:\/\/www.instagram.com\/brickopolis_oficial"]}]}},"_links":{"self":[{"href":"https:\/\/www.brickopolis.pt\/es\/wp-json\/wp\/v2\/pages\/3065","targetHints":{"allow":["GET"]}}],"collection":[{"href":"https:\/\/www.brickopolis.pt\/es\/wp-json\/wp\/v2\/pages"}],"about":[{"href":"https:\/\/www.brickopolis.pt\/es\/wp-json\/wp\/v2\/types\/page"}],"author":[{"embeddable":true,"href":"https:\/\/www.brickopolis.pt\/es\/wp-json\/wp\/v2\/users\/1"}],"replies":[{"embeddable":true,"href":"https:\/\/www.brickopolis.pt\/es\/wp-json\/wp\/v2\/comments?post=3065"}],"version-history":[{"count":4,"href":"https:\/\/www.brickopolis.pt\/es\/wp-json\/wp\/v2\/pages\/3065\/revisions"}],"predecessor-version":[{"id":4327,"href":"https:\/\/www.brickopolis.pt\/es\/wp-json\/wp\/v2\/pages\/3065\/revisions\/4327"}],"wp:attachment":[{"href":"https:\/\/www.brickopolis.pt\/es\/wp-json\/wp\/v2\/media?parent=3065"}],"curies":[{"name":"wp","href":"https:\/\/api.w.org\/{rel}","templated":true}]}}